{"id":3216,"date":"2016-03-23T18:33:07","date_gmt":"2016-03-23T18:33:07","guid":{"rendered":"https:\/\/mugwortborn.wpengine.com\/home\/"},"modified":"2023-06-30T17:36:32","modified_gmt":"2023-06-30T17:36:32","slug":"home","status":"publish","type":"page","link":"https:\/\/mugwortborn.com\/de\/","title":{"rendered":"Home Page"},"content":{"rendered":"<p>[et_pb_section fb_built=&#8220;1&#8243; fullwidth=&#8220;on&#8220; admin_label=&#8220;Section&#8220; _builder_version=&#8220;4.16&#8243; global_colors_info=&#8220;{}&#8220;][et_pb_fullwidth_image src=&#8220;http:\/\/mugwortborn.wpengine.com\/wp-content\/uploads\/2023\/06\/mugwort-born-GERMAN.jpg&#8220; title_text=&#8220;mugwort born GERMAN&#8220; admin_label=&#8220;Header Image &#038; Title&#8220; _builder_version=&#8220;4.21.0&#8243; animation=&#8220;off&#8220; use_border_color=&#8220;off&#8220; border_color=&#8220;#ffffff&#8220; border_style=&#8220;solid&#8220; global_colors_info=&#8220;{}&#8220;][\/et_pb_fullwidth_image][\/et_pb_section][et_pb_section fb_built=&#8220;1&#8243; admin_label=&#8220;Section&#8220; _builder_version=&#8220;4.16&#8243; global_colors_info=&#8220;{}&#8220;][et_pb_row admin_label=&#8220;Row&#8220; _builder_version=&#8220;4.16&#8243; background_size=&#8220;initial&#8220; background_position=&#8220;top_left&#8220; background_repeat=&#8220;repeat&#8220; global_colors_info=&#8220;{}&#8220;][et_pb_column type=&#8220;4_4&#8243; _builder_version=&#8220;4.16&#8243; custom_padding=&#8220;|||&#8220; global_colors_info=&#8220;{}&#8220; custom_padding__hover=&#8220;|||&#8220;][et_pb_text admin_label=&#8220;intro&#8220; _builder_version=&#8220;4.21.0&#8243; background_size=&#8220;initial&#8220; background_position=&#8220;top_left&#8220; background_repeat=&#8220;repeat&#8220; hover_enabled=&#8220;0&#8243; use_border_color=&#8220;off&#8220; border_color=&#8220;#ffffff&#8220; border_style=&#8220;solid&#8220; global_colors_info=&#8220;{}&#8220; sticky_enabled=&#8220;0&#8243;]<\/p>\n<p><strong>\u201eDer Lebensbericht eines Gl\u00fchw\u00fcrmchens unter Sonne, Mond und Sternen und in gelegentlichen St\u00fcrmen.\u201c<\/strong><\/p>\n<p>Dies ist <em>Beifu\u00df-geboren<\/em>, Dzongsar Khyentse Rinpoches unvollendete Memoiren. Jedes Kapitel erz\u00e4hlt eine &#8222;Episode&#8220;. Wir werden in unregelm\u00e4\u00dfigen Abst\u00e4nden neue Episoden ver\u00f6ffentlichen, schaut also bitte hin und wieder vorbei. Teile von dem, was hier zu lesen ist, k\u00f6nnten eines Tages in Buchform ver\u00f6ffentlicht werden. Bis dahin bittet Rinpoche darum, seinen Wunsch zu respektieren und sich das Material nicht f\u00fcr den pers\u00f6nlichen Gebrauch anzueignen. Ihr k\u00f6nnt Links zu dieser Seite ver\u00f6ffentlichen, entnehmt jedoch bitte keine Texte oder Bilder aus dem Zusammenhang. Danke, dass Ihr diese einfachen Regeln gelesen habt und befolgt. Viel Vergn\u00fcgen!<\/p>\n<p class=\"p1\">Um die einzelnen Episoden zu lesen, klickt auf die Bilder.<\/p>\n<p>[\/et_pb_text][\/et_pb_column][\/et_pb_row][\/et_pb_section][et_pb_section fb_built=&#8220;1&#8243; fullwidth=&#8220;on&#8220; admin_label=&#8220;Section&#8220; _builder_version=&#8220;4.16&#8243; global_colors_info=&#8220;{}&#8220;][et_pb_fullwidth_portfolio include_categories=&#8220;12&#8243; show_date=&#8220;off&#8220; hover_icon=&#8220;&#x50;||divi||400&#8243; admin_label=&#8220;Fullwidth Portfolio of Projects (Episodes)&#8220; _builder_version=&#8220;4.16&#8243; background_size=&#8220;initial&#8220; background_position=&#8220;top_left&#8220; background_repeat=&#8220;repeat&#8220; auto=&#8220;on&#8220; use_border_color=&#8220;off&#8220; border_color=&#8220;#ffffff&#8220; border_style=&#8220;solid&#8220; global_colors_info=&#8220;{}&#8220;][\/et_pb_fullwidth_portfolio][\/et_pb_section]<\/p>\n","protected":false},"excerpt":{"rendered":"<p>\u201eDer Lebensbericht eines Gl\u00fchw\u00fcrmchens unter Sonne, Mond und Sternen und in gelegentlichen St\u00fcrmen.\u201c Dies ist Beifu\u00df-geboren, Dzongsar Khyentse Rinpoches unvollendete Memoiren. Jedes Kapitel erz\u00e4hlt eine &#8222;Episode&#8220;. Wir werden in unregelm\u00e4\u00dfigen Abst\u00e4nden neue Episoden ver\u00f6ffentlichen, schaut also bitte hin und wieder vorbei. Teile von dem, was hier zu lesen ist, k\u00f6nnten eines Tages in Buchform ver\u00f6ffentlicht [&hellip;]<\/p>\n","protected":false},"author":2,"featured_media":0,"parent":0,"menu_order":0,"comment_status":"closed","ping_status":"closed","template":"","meta":{"_et_pb_use_builder":"on","_et_pb_old_content":"","_et_gb_content_width":"","footnotes":""},"class_list":["post-3216","page","type-page","status-publish","hentry"],"_links":{"self":[{"href":"https:\/\/mugwortborn.com\/de\/wp-json\/wp\/v2\/pages\/3216","targetHints":{"allow":["GET"]}}],"collection":[{"href":"https:\/\/mugwortborn.com\/de\/wp-json\/wp\/v2\/pages"}],"about":[{"href":"https:\/\/mugwortborn.com\/de\/wp-json\/wp\/v2\/types\/page"}],"author":[{"embeddable":true,"href":"https:\/\/mugwortborn.com\/de\/wp-json\/wp\/v2\/users\/2"}],"replies":[{"embeddable":true,"href":"https:\/\/mugwortborn.com\/de\/wp-json\/wp\/v2\/comments?post=3216"}],"version-history":[{"count":0,"href":"https:\/\/mugwortborn.com\/de\/wp-json\/wp\/v2\/pages\/3216\/revisions"}],"wp:attachment":[{"href":"https:\/\/mugwortborn.com\/de\/wp-json\/wp\/v2\/media?parent=3216"}],"curies":[{"name":"wp","href":"https:\/\/api.w.org\/{rel}","templated":true}]}}