{"id":1618,"date":"2016-03-23T18:33:07","date_gmt":"2016-03-23T18:33:07","guid":{"rendered":"http:\/\/mugwortborn.wpengine.com\/home\/"},"modified":"2022-10-23T15:17:45","modified_gmt":"2022-10-23T15:17:45","slug":"home","status":"publish","type":"page","link":"https:\/\/mugwortborn.com\/pt-br\/","title":{"rendered":"Home Page"},"content":{"rendered":"<p>[et_pb_section fb_built=&#8221;1&#8243; fullwidth=&#8221;on&#8221; admin_label=&#8221;Section&#8221; _builder_version=&#8221;4.4.8&#8243;][et_pb_fullwidth_image src=&#8221;http:\/\/mugwortborn.wpengine.com\/wp-content\/uploads\/2020\/07\/mugwort-born-PT-duas-linhas.jpg&#8221; title_text=&#8221;mugwort born PT duas linhas&#8221; admin_label=&#8221;Header Image &#038; Title&#8221; _builder_version=&#8221;4.4.8&#8243; use_border_color=&#8221;off&#8221; border_color=&#8221;#ffffff&#8221; border_style=&#8221;solid&#8221; animation=&#8221;off&#8221;][\/et_pb_fullwidth_image][\/et_pb_section][et_pb_section fb_built=&#8221;1&#8243; admin_label=&#8221;Section&#8221; _builder_version=&#8221;3.22&#8243;][et_pb_row admin_label=&#8221;Row&#8221; _builder_version=&#8221;3.25&#8243; background_size=&#8221;initial&#8221; background_position=&#8221;top_left&#8221; background_repeat=&#8221;repeat&#8221;][et_pb_column type=&#8221;4_4&#8243; _builder_version=&#8221;3.25&#8243; custom_padding=&#8221;|||&#8221; custom_padding__hover=&#8221;|||&#8221;][et_pb_text admin_label=&#8221;intro&#8221; _builder_version=&#8221;4.4.8&#8243; background_size=&#8221;initial&#8221; background_position=&#8221;top_left&#8221; background_repeat=&#8221;repeat&#8221; use_border_color=&#8221;off&#8221; border_color=&#8221;#ffffff&#8221; border_style=&#8221;solid&#8221;]<\/p>\n<p><strong><span>\u201cUm relato da vida de um vaga-lume entre o sol, a lua, as estrelas e tempestades ocasionais.\u201d<\/span><\/strong><\/p>\n<p>Este \u00e9 o site\u00a0<em>Nascido da Artem\u00edsia<\/em>, o livro de mem\u00f3rias em andamento de Dzongsar Khyentse Rinpoche. Cada cap\u00edtulo \u00e9 apresentado como um \u201cepis\u00f3dio\u201d. Novos epis\u00f3dios ser\u00e3o publicados a intervalos irregulares, ent\u00e3o, por favor, continue voltando para conferir as atualiza\u00e7\u00f5es. Trechos daquilo que voc\u00ea ler\u00e1 aqui poder\u00e3o um dia ser publicados em forma de livro. At\u00e9 l\u00e1<strong>, o Rinpoche pede que voc\u00ea respeite o desejo dele e se abstenha\u00a0de se apropriar do material para seu uso pessoal.<\/strong>\u00a0Voc\u00ea pode postar links para este site, mas n\u00e3o use o texto nem as imagens fora do contexto. Agradecemos a sua leitura e agradecemos por seguir essas regras simples.<br \/>Divirta-se!<\/p>\n<p>Clique nas imagens abaixo para ler os epis\u00f3dios.<\/p>\n<p>[\/et_pb_text][\/et_pb_column][\/et_pb_row][\/et_pb_section][et_pb_section fb_built=&#8221;1&#8243; fullwidth=&#8221;on&#8221; admin_label=&#8221;Section&#8221; _builder_version=&#8221;3.22&#8243;][et_pb_fullwidth_portfolio include_categories=&#8221;all&#8221; show_date=&#8221;off&#8221; hover_icon=&#8221;%%47%%&#8221; admin_label=&#8221;Fullwidth Portfolio of Projects (Episodes)&#8221; _builder_version=&#8221;4.4.8&#8243; background_size=&#8221;initial&#8221; background_position=&#8221;top_left&#8221; background_repeat=&#8221;repeat&#8221; auto=&#8221;on&#8221; hover_enabled=&#8221;0&#8243; use_border_color=&#8221;off&#8221; border_color=&#8221;#ffffff&#8221; border_style=&#8221;solid&#8221;][\/et_pb_fullwidth_portfolio][\/et_pb_section]<\/p>\n","protected":false},"excerpt":{"rendered":"<p>\u201cUm relato da vida de um vaga-lume entre o sol, a lua, as estrelas e tempestades ocasionais.\u201d Este \u00e9 o site\u00a0Nascido da Artem\u00edsia, o livro de mem\u00f3rias em andamento de Dzongsar Khyentse Rinpoche. Cada cap\u00edtulo \u00e9 apresentado como um \u201cepis\u00f3dio\u201d. Novos epis\u00f3dios ser\u00e3o publicados a intervalos irregulares, ent\u00e3o, por favor, continue voltando para conferir as [&hellip;]<\/p>\n","protected":false},"author":2,"featured_media":0,"parent":0,"menu_order":0,"comment_status":"closed","ping_status":"closed","template":"","meta":{"_et_pb_use_builder":"on","_et_pb_old_content":"","_et_gb_content_width":"","footnotes":""},"class_list":["post-1618","page","type-page","status-publish","hentry"],"_links":{"self":[{"href":"https:\/\/mugwortborn.com\/pt-br\/wp-json\/wp\/v2\/pages\/1618","targetHints":{"allow":["GET"]}}],"collection":[{"href":"https:\/\/mugwortborn.com\/pt-br\/wp-json\/wp\/v2\/pages"}],"about":[{"href":"https:\/\/mugwortborn.com\/pt-br\/wp-json\/wp\/v2\/types\/page"}],"author":[{"embeddable":true,"href":"https:\/\/mugwortborn.com\/pt-br\/wp-json\/wp\/v2\/users\/2"}],"replies":[{"embeddable":true,"href":"https:\/\/mugwortborn.com\/pt-br\/wp-json\/wp\/v2\/comments?post=1618"}],"version-history":[{"count":0,"href":"https:\/\/mugwortborn.com\/pt-br\/wp-json\/wp\/v2\/pages\/1618\/revisions"}],"wp:attachment":[{"href":"https:\/\/mugwortborn.com\/pt-br\/wp-json\/wp\/v2\/media?parent=1618"}],"curies":[{"name":"wp","href":"https:\/\/api.w.org\/{rel}","templated":true}]}}