{"id":3774,"date":"2026-04-23T08:20:22","date_gmt":"2026-04-23T08:20:22","guid":{"rendered":"https:\/\/mugwortborn.com\/?page_id=3774"},"modified":"2026-04-24T18:50:07","modified_gmt":"2026-04-24T18:50:07","slug":"ana-sayfa","status":"publish","type":"page","link":"https:\/\/mugwortborn.com\/tr\/","title":{"rendered":"ana sayfa"},"content":{"rendered":"<p>[et_pb_section fb_built=&#8221;1&#8243; fullwidth=&#8221;on&#8221; admin_label=&#8221;Section&#8221; _builder_version=&#8221;4.16&#8243; global_colors_info=&#8221;{}&#8221;][et_pb_fullwidth_image src=&#8221;https:\/\/mugwortborn.com\/wp-content\/uploads\/2016\/03\/mugwort-born-2.jpg&#8221; admin_label=&#8221;Header Image &#038; Title&#8221; _builder_version=&#8221;4.16&#8243; use_border_color=&#8221;off&#8221; border_color=&#8221;#ffffff&#8221; border_style=&#8221;solid&#8221; animation=&#8221;off&#8221; global_colors_info=&#8221;{}&#8221;][\/et_pb_fullwidth_image][\/et_pb_section][et_pb_section fb_built=&#8221;1&#8243; admin_label=&#8221;Section&#8221; _builder_version=&#8221;4.16&#8243; global_colors_info=&#8221;{}&#8221;][et_pb_row admin_label=&#8221;Row&#8221; _builder_version=&#8221;4.16&#8243; background_size=&#8221;initial&#8221; background_position=&#8221;top_left&#8221; background_repeat=&#8221;repeat&#8221; global_colors_info=&#8221;{}&#8221;][et_pb_column type=&#8221;4_4&#8243; _builder_version=&#8221;4.16&#8243; custom_padding=&#8221;|||&#8221; global_colors_info=&#8221;{}&#8221; custom_padding__hover=&#8221;|||&#8221;][et_pb_text admin_label=&#8221;intro&#8221; _builder_version=&#8221;4.27.5&#8243; background_size=&#8221;initial&#8221; background_position=&#8221;top_left&#8221; background_repeat=&#8221;repeat&#8221; hover_enabled=&#8221;0&#8243; use_border_color=&#8221;off&#8221; border_color=&#8221;#ffffff&#8221; border_style=&#8221;solid&#8221; global_colors_info=&#8221;{}&#8221; sticky_enabled=&#8221;0&#8243;]<\/p>\n<p><strong><span>\u00c7OK YAKINDA!<\/span><\/strong><\/p>\n<p><strong><span>=======<\/span><\/strong><\/p>\n<p><strong>\u201cBir ate\u015f b\u00f6ce\u011finin g\u00fcne\u015f, ay, y\u0131ld\u0131zlar ve ara s\u0131ra \u00e7\u0131kan f\u0131rt\u0131nalar aras\u0131nda ge\u00e7en ya\u015fam \u00f6yk\u00fcs\u00fc.\u201d<\/strong><\/p>\n<p><span>Buras\u0131, Dzongsar Khyentse Rinpoche\u2019nin <em>Pelin otu Do\u011fumlu<\/em> adl\u0131, yaz\u0131m\u0131 s\u00fcrmekte olan an\u0131lar\u0131n\u0131n sitesidir. <\/span><\/p>\n<p><span>Her b\u00f6l\u00fcm bir \u201ckesit\u201d olarak sunulmaktad\u0131r. Yeni kesitleri ara ara yay\u0131mlayaca\u011f\u0131z, bu nedenle l\u00fctfen siteyi ziyaret etmeye devam edin. Burada okuduklar\u0131n\u0131z\u0131n bir k\u0131sm\u0131 bir g\u00fcn kitap olarak bas\u0131labilir. O zamana kadar <strong>Rinpoche, bu i\u00e7eri\u011fi ki\u015fisel kullan\u0131m amac\u0131yla al\u0131nt\u0131lamaktan ka\u00e7\u0131nman\u0131z\u0131 rica etmektedir.<\/strong> Bu siteye ba\u011flant\u0131 payla\u015fabilirsiniz, ancak metin veya g\u00f6rselleri ba\u011flam\u0131ndan kopararak kullanmay\u0131n\u0131z.<\/span><\/p>\n<p><span>Okudu\u011funuz ve bu basit kurallara uydu\u011funuz i\u00e7in te\u015fekk\u00fcr ederiz.<\/span><\/p>\n<p><span>Keyifli okumalar!<\/span><\/p>\n<p><span>Kesitleri okumak i\u00e7in a\u015fa\u011f\u0131daki g\u00f6rsellere t\u0131klay\u0131n.<\/span><\/p>\n<p>[\/et_pb_text][\/et_pb_column][\/et_pb_row][\/et_pb_section][et_pb_section fb_built=&#8221;1&#8243; fullwidth=&#8221;on&#8221; admin_label=&#8221;Section&#8221; _builder_version=&#8221;4.16&#8243; global_colors_info=&#8221;{}&#8221;][et_pb_fullwidth_portfolio include_categories=&#8221;12&#8243; show_date=&#8221;off&#8221; hover_icon=&#8221;&#x50;||divi||400&#8243; admin_label=&#8221;Fullwidth Portfolio of Projects (Episodes)&#8221; _builder_version=&#8221;4.16&#8243; background_size=&#8221;initial&#8221; background_position=&#8221;top_left&#8221; background_repeat=&#8221;repeat&#8221; auto=&#8221;on&#8221; use_border_color=&#8221;off&#8221; border_color=&#8221;#ffffff&#8221; border_style=&#8221;solid&#8221; global_colors_info=&#8221;{}&#8221;][\/et_pb_fullwidth_portfolio][\/et_pb_section]<\/p>\n","protected":false},"excerpt":{"rendered":"<p>\u00c7OK YAKINDA! ======= \u201cBir ate\u015f b\u00f6ce\u011finin g\u00fcne\u015f, ay, y\u0131ld\u0131zlar ve ara s\u0131ra \u00e7\u0131kan f\u0131rt\u0131nalar aras\u0131nda ge\u00e7en ya\u015fam \u00f6yk\u00fcs\u00fc.\u201d Buras\u0131, Dzongsar Khyentse Rinpoche\u2019nin Pelin otu Do\u011fumlu adl\u0131, yaz\u0131m\u0131 s\u00fcrmekte olan an\u0131lar\u0131n\u0131n sitesidir. Her b\u00f6l\u00fcm bir \u201ckesit\u201d olarak sunulmaktad\u0131r. Yeni kesitleri ara ara yay\u0131mlayaca\u011f\u0131z, bu nedenle l\u00fctfen siteyi ziyaret etmeye devam edin. Burada okuduklar\u0131n\u0131z\u0131n bir k\u0131sm\u0131 bir [&hellip;]<\/p>\n","protected":false},"author":2,"featured_media":0,"parent":0,"menu_order":0,"comment_status":"closed","ping_status":"closed","template":"","meta":{"_et_pb_use_builder":"on","_et_pb_old_content":"","_et_gb_content_width":"","footnotes":""},"class_list":["post-3774","page","type-page","status-publish","hentry"],"_links":{"self":[{"href":"https:\/\/mugwortborn.com\/tr\/wp-json\/wp\/v2\/pages\/3774","targetHints":{"allow":["GET"]}}],"collection":[{"href":"https:\/\/mugwortborn.com\/tr\/wp-json\/wp\/v2\/pages"}],"about":[{"href":"https:\/\/mugwortborn.com\/tr\/wp-json\/wp\/v2\/types\/page"}],"author":[{"embeddable":true,"href":"https:\/\/mugwortborn.com\/tr\/wp-json\/wp\/v2\/users\/2"}],"replies":[{"embeddable":true,"href":"https:\/\/mugwortborn.com\/tr\/wp-json\/wp\/v2\/comments?post=3774"}],"version-history":[{"count":0,"href":"https:\/\/mugwortborn.com\/tr\/wp-json\/wp\/v2\/pages\/3774\/revisions"}],"wp:attachment":[{"href":"https:\/\/mugwortborn.com\/tr\/wp-json\/wp\/v2\/media?parent=3774"}],"curies":[{"name":"wp","href":"https:\/\/api.w.org\/{rel}","templated":true}]}}